{"id":3242,"date":"2025-11-25T16:06:20","date_gmt":"2025-11-25T15:06:20","guid":{"rendered":"https:\/\/www.sc-cerbere.com.tn\/?post_type=product&#038;p=3242"},"modified":"2026-02-11T10:59:52","modified_gmt":"2026-02-11T09:59:52","slug":"radio-commande","status":"publish","type":"product","link":"https:\/\/www.sc-cerbere.com.tn\/en\/product\/radio-commande\/","title":{"rendered":"Radio commande"},"content":{"rendered":"","protected":false},"excerpt":{"rendered":"<p>Con\u00e7u pour la maison, le Radio commande est tout aussi indispensable au travail.<br data-start=\"109\" data-end=\"112\" \/>\u00c0 la maison, en studio ou au bureau, le Radio commande deviendra rapidement votre assistant le plus pr\u00e9cieux, toujours pr\u00eat \u00e0 vous servir pour armer\/d\u00e9sarmer le syst\u00e8me.<\/p>","protected":false},"featured_media":3243,"template":"","meta":[],"product_brand":[],"product_cat":[64],"product_tag":[],"class_list":{"0":"post-3242","1":"product","2":"type-product","3":"status-publish","4":"has-post-thumbnail","6":"product_cat-accessoires-cerbere","8":"first","9":"instock","10":"shipping-taxable","11":"product-type-simple"},"_links":{"self":[{"href":"https:\/\/www.sc-cerbere.com.tn\/en\/wp-json\/wp\/v2\/product\/3242","targetHints":{"allow":["GET"]}}],"collection":[{"href":"https:\/\/www.sc-cerbere.com.tn\/en\/wp-json\/wp\/v2\/product"}],"about":[{"href":"https:\/\/www.sc-cerbere.com.tn\/en\/wp-json\/wp\/v2\/types\/product"}],"version-history":[{"count":1,"href":"https:\/\/www.sc-cerbere.com.tn\/en\/wp-json\/wp\/v2\/product\/3242\/revisions"}],"predecessor-version":[{"id":3244,"href":"https:\/\/www.sc-cerbere.com.tn\/en\/wp-json\/wp\/v2\/product\/3242\/revisions\/3244"}],"wp:featuredmedia":[{"embeddable":true,"href":"https:\/\/www.sc-cerbere.com.tn\/en\/wp-json\/wp\/v2\/media\/3243"}],"wp:attachment":[{"href":"https:\/\/www.sc-cerbere.com.tn\/en\/wp-json\/wp\/v2\/media?parent=3242"}],"wp:term":[{"taxonomy":"product_brand","embeddable":true,"href":"https:\/\/www.sc-cerbere.com.tn\/en\/wp-json\/wp\/v2\/product_brand?post=3242"},{"taxonomy":"product_cat","embeddable":true,"href":"https:\/\/www.sc-cerbere.com.tn\/en\/wp-json\/wp\/v2\/product_cat?post=3242"},{"taxonomy":"product_tag","embeddable":true,"href":"https:\/\/www.sc-cerbere.com.tn\/en\/wp-json\/wp\/v2\/product_tag?post=3242"}],"curies":[{"name":"wp","href":"https:\/\/api.w.org\/{rel}","templated":true}]}}