{"id":317,"date":"2025-09-24T12:22:17","date_gmt":"2025-09-24T10:22:17","guid":{"rendered":"https:\/\/www.sc-cerbere.com.tn\/?post_type=product&#038;p=317"},"modified":"2025-10-31T16:13:22","modified_gmt":"2025-10-31T15:13:22","slug":"eris","status":"publish","type":"product","link":"https:\/\/www.sc-cerbere.com.tn\/en\/product\/eris\/","title":{"rendered":"Eris"},"content":{"rendered":"","protected":false},"excerpt":{"rendered":"<p>Indoor alarm sirens are generally placed discreetly, as they usually do not blend with the aesthetics of the space.<\/p>\n<p>La nouvelle sir\u00e8ne Eris Plus de Sigma Security supprime cet obstacle. Elle se distingue d\u00e8s le premier coup d&#8217;\u0153il par son esth\u00e9tique raffin\u00e9e et son design moderne, lui permettant de s&#8217;int\u00e9grer dans n&#8217;importe quel espace. Outre son esth\u00e9tique, elle pr\u00e9sente \u00e9galement des caract\u00e9ristiques techniques innovantes.<\/p>\n<p>Specifically, thanks to three programmed panel outputs (PGM), it can operate in three different ways:<\/p>\n<p>1. In STAY mode, the sound volume is low (85\u202fdB) and the flash is continuously on.<br \/>\n2. In AWAY mode, the sound volume is high (105\u202fdB) and the flash is continuously on.<br \/>\n3. In case of a power failure, the siren operates as a safety light (only the flash remains continuously on).<\/p>","protected":false},"featured_media":844,"template":"","meta":[],"product_brand":[],"product_cat":[39],"product_tag":[],"class_list":{"0":"post-317","1":"product","2":"type-product","3":"status-publish","4":"has-post-thumbnail","6":"product_cat-sirene-interieur","8":"first","9":"instock","10":"shipping-taxable","11":"product-type-simple"},"_links":{"self":[{"href":"https:\/\/www.sc-cerbere.com.tn\/en\/wp-json\/wp\/v2\/product\/317","targetHints":{"allow":["GET"]}}],"collection":[{"href":"https:\/\/www.sc-cerbere.com.tn\/en\/wp-json\/wp\/v2\/product"}],"about":[{"href":"https:\/\/www.sc-cerbere.com.tn\/en\/wp-json\/wp\/v2\/types\/product"}],"version-history":[{"count":5,"href":"https:\/\/www.sc-cerbere.com.tn\/en\/wp-json\/wp\/v2\/product\/317\/revisions"}],"predecessor-version":[{"id":3093,"href":"https:\/\/www.sc-cerbere.com.tn\/en\/wp-json\/wp\/v2\/product\/317\/revisions\/3093"}],"wp:featuredmedia":[{"embeddable":true,"href":"https:\/\/www.sc-cerbere.com.tn\/en\/wp-json\/wp\/v2\/media\/844"}],"wp:attachment":[{"href":"https:\/\/www.sc-cerbere.com.tn\/en\/wp-json\/wp\/v2\/media?parent=317"}],"wp:term":[{"taxonomy":"product_brand","embeddable":true,"href":"https:\/\/www.sc-cerbere.com.tn\/en\/wp-json\/wp\/v2\/product_brand?post=317"},{"taxonomy":"product_cat","embeddable":true,"href":"https:\/\/www.sc-cerbere.com.tn\/en\/wp-json\/wp\/v2\/product_cat?post=317"},{"taxonomy":"product_tag","embeddable":true,"href":"https:\/\/www.sc-cerbere.com.tn\/en\/wp-json\/wp\/v2\/product_tag?post=317"}],"curies":[{"name":"wp","href":"https:\/\/api.w.org\/{rel}","templated":true}]}}