{"id":1853,"date":"2025-10-01T16:58:24","date_gmt":"2025-10-01T14:58:24","guid":{"rendered":"https:\/\/www.sc-cerbere.com.tn\/?post_type=product&#038;p=1853"},"modified":"2025-10-12T00:37:28","modified_gmt":"2025-10-11T22:37:28","slug":"bk","status":"publish","type":"product","link":"https:\/\/www.sc-cerbere.com.tn\/en\/product\/bk\/","title":{"rendered":"BK"},"content":{"rendered":"","protected":false},"excerpt":{"rendered":"<article class=\"text-token-text-primary w-full focus:outline-none scroll-mt-[calc(var(--header-height)+min(200px,max(70px,20svh)))]\" dir=\"auto\" tabindex=\"-1\" data-turn-id=\"dc15893d-fee7-41b3-b611-9e6d4b255dcf\" data-testid=\"conversation-turn-2\" data-scroll-anchor=\"true\" data-turn=\"assistant\">\n<div class=\"text-base my-auto mx-auto pb-10 [--thread-content-margin:--spacing(4)] thread-sm:[--thread-content-margin:--spacing(6)] thread-lg:[--thread-content-margin:--spacing(16)] px-(--thread-content-margin)\">\n<div class=\"[--thread-content-max-width:40rem] thread-lg:[--thread-content-max-width:48rem] mx-auto max-w-(--thread-content-max-width) flex-1 group\/turn-messages focus-visible:outline-hidden relative flex w-full min-w-0 flex-col agent-turn\" tabindex=\"-1\">\n<div class=\"flex max-w-full flex-col grow\">\n<div class=\"min-h-8 text-message relative flex w-full flex-col items-end gap-2 text-start break-words whitespace-normal [.text-message+&amp;]:mt-5\" dir=\"auto\" data-message-author-role=\"assistant\" data-message-id=\"4884672d-653d-414d-a829-019d086828e7\" data-message-model-slug=\"gpt-5-mini\">\n<div class=\"flex w-full flex-col gap-1 empty:hidden first:pt-[1px]\">\n<div class=\"markdown prose dark:prose-invert w-full break-words dark markdown-new-styling\">\n<p>Solution pour portails coulissants en environnements r\u00e9sidentiels<\/p>\n<p>Commande de mouvement bas\u00e9e sur un encodeur.<\/p>\n<p>Pr\u00eat pour l&#8217;installation de fins de course magn\u00e9tiques.<\/p>\n<p>Carte de contr\u00f4le avec borniers, affichage et m\u00e9moire jusqu\u2019\u00e0 250 utilisateurs.<\/p>\n<p>Les entr\u00e9es de s\u00e9curit\u00e9 peuvent \u00eatre configur\u00e9es pour contr\u00f4ler directement les bords sensibles r\u00e9sistifs de 8,2 k\u03a9.<\/p>\n<p>Dispositifs de s\u00e9curit\u00e9 auto-diagnostiqu\u00e9s.<\/p>\n<p>D\u00e9velopp\u00e9 avec la technologie CONNECT pour un contr\u00f4le num\u00e9rique \u00e0 distance via passerelle ou localement via CAME KEY.<\/p>\n<\/div>\n<\/div>\n<\/div>\n<\/div>\n<\/div>\n<\/div>\n<\/article>\n","protected":false},"featured_media":1895,"template":"","meta":[],"product_brand":[],"product_cat":[62],"product_tag":[],"class_list":{"0":"post-1853","1":"product","2":"type-product","3":"status-publish","4":"has-post-thumbnail","6":"product_cat-moteurs","8":"first","9":"instock","10":"shipping-taxable","11":"product-type-simple"},"_links":{"self":[{"href":"https:\/\/www.sc-cerbere.com.tn\/en\/wp-json\/wp\/v2\/product\/1853","targetHints":{"allow":["GET"]}}],"collection":[{"href":"https:\/\/www.sc-cerbere.com.tn\/en\/wp-json\/wp\/v2\/product"}],"about":[{"href":"https:\/\/www.sc-cerbere.com.tn\/en\/wp-json\/wp\/v2\/types\/product"}],"version-history":[{"count":9,"href":"https:\/\/www.sc-cerbere.com.tn\/en\/wp-json\/wp\/v2\/product\/1853\/revisions"}],"predecessor-version":[{"id":1894,"href":"https:\/\/www.sc-cerbere.com.tn\/en\/wp-json\/wp\/v2\/product\/1853\/revisions\/1894"}],"wp:featuredmedia":[{"embeddable":true,"href":"https:\/\/www.sc-cerbere.com.tn\/en\/wp-json\/wp\/v2\/media\/1895"}],"wp:attachment":[{"href":"https:\/\/www.sc-cerbere.com.tn\/en\/wp-json\/wp\/v2\/media?parent=1853"}],"wp:term":[{"taxonomy":"product_brand","embeddable":true,"href":"https:\/\/www.sc-cerbere.com.tn\/en\/wp-json\/wp\/v2\/product_brand?post=1853"},{"taxonomy":"product_cat","embeddable":true,"href":"https:\/\/www.sc-cerbere.com.tn\/en\/wp-json\/wp\/v2\/product_cat?post=1853"},{"taxonomy":"product_tag","embeddable":true,"href":"https:\/\/www.sc-cerbere.com.tn\/en\/wp-json\/wp\/v2\/product_tag?post=1853"}],"curies":[{"name":"wp","href":"https:\/\/api.w.org\/{rel}","templated":true}]}}