{"id":1845,"date":"2025-10-01T16:06:56","date_gmt":"2025-10-01T14:06:56","guid":{"rendered":"https:\/\/www.sc-cerbere.com.tn\/?page_id=1845"},"modified":"2026-03-30T15:15:36","modified_gmt":"2026-03-30T13:15:36","slug":"devis","status":"publish","type":"page","link":"https:\/\/www.sc-cerbere.com.tn\/en\/devis\/","title":{"rendered":"Devis"},"content":{"rendered":"\t\t<div data-elementor-type=\"wp-page\" data-elementor-id=\"1845\" class=\"elementor elementor-1845\">\n\t\t\t\t\t\t<section class=\"elementor-section elementor-top-section elementor-element elementor-element-1f88deb elementor-section-boxed elementor-section-height-default elementor-section-height-default wpr-particle-no wpr-jarallax-no wpr-parallax-no wpr-sticky-section-no wpr-equal-height-no\" data-id=\"1f88deb\" data-element_type=\"section\" data-e-type=\"section\">\n\t\t\t\t\t\t<div class=\"elementor-container elementor-column-gap-default\">\n\t\t\t\t\t<div class=\"elementor-column elementor-col-100 elementor-top-column elementor-element elementor-element-df81c12\" data-id=\"df81c12\" data-element_type=\"column\" data-e-type=\"column\">\n\t\t\t<div class=\"elementor-widget-wrap elementor-element-populated\">\n\t\t\t\t\t\t<div class=\"elementor-element elementor-element-e508604 elementor-widget elementor-widget-eael-breadcrumbs\" data-id=\"e508604\" data-element_type=\"widget\" data-e-type=\"widget\" data-widget_type=\"eael-breadcrumbs.default\">\n\t\t\t\t<div class=\"elementor-widget-container\">\n\t\t\t\t\t\t\t<div class=\"eael-breadcrumbs\">\n\t\t\t<div class=\"eael-breadcrumbs__content\"><a href=\"https:\/\/www.sc-cerbere.com.tn\/en\">Accueil<\/a> <span class=\"eael-breadcrumb-separator\">\/<\/span> <span class = \"eael-current\">Page<\/span><\/div>\t\t<\/div>\n\t\t\t\t\t\t<\/div>\n\t\t\t\t<\/div>\n\t\t\t\t\t<\/div>\n\t\t<\/div>\n\t\t\t\t\t<\/div>\n\t\t<\/section>\n\t\t\t\t<section class=\"elementor-section elementor-top-section elementor-element elementor-element-f4a0f1f elementor-section-boxed elementor-section-height-default elementor-section-height-default wpr-particle-no wpr-jarallax-no wpr-parallax-no wpr-sticky-section-no wpr-equal-height-no\" data-id=\"f4a0f1f\" data-element_type=\"section\" data-e-type=\"section\" data-settings=\"{&quot;background_background&quot;:&quot;classic&quot;}\">\n\t\t\t\t\t\t<div class=\"elementor-container elementor-column-gap-default\">\n\t\t\t\t\t<div class=\"elementor-column elementor-col-100 elementor-top-column elementor-element elementor-element-2334ac3\" data-id=\"2334ac3\" data-element_type=\"column\" data-e-type=\"column\">\n\t\t\t<div class=\"elementor-widget-wrap elementor-element-populated\">\n\t\t\t\t\t\t<div class=\"elementor-element elementor-element-9f57386 woocommerce-products-header__title page-title elementor-widget elementor-widget-heading\" data-id=\"9f57386\" data-element_type=\"widget\" data-e-type=\"widget\" data-widget_type=\"heading.default\">\n\t\t\t\t\t<h2 class=\"elementor-heading-title elementor-size-default\">Demande de devis\n<\/h2>\t\t\t\t<\/div>\n\t\t\t\t\t<\/div>\n\t\t<\/div>\n\t\t\t\t\t<\/div>\n\t\t<\/section>\n\t\t\t\t<section class=\"elementor-section elementor-top-section elementor-element elementor-element-2e330e2 elementor-section-boxed elementor-section-height-default elementor-section-height-default wpr-particle-no wpr-jarallax-no wpr-parallax-no wpr-sticky-section-no wpr-equal-height-no\" data-id=\"2e330e2\" data-element_type=\"section\" data-e-type=\"section\">\n\t\t\t\t\t\t<div class=\"elementor-container elementor-column-gap-default\">\n\t\t\t\t\t<div class=\"elementor-column elementor-col-50 elementor-top-column elementor-element elementor-element-f342bb4\" data-id=\"f342bb4\" data-element_type=\"column\" data-e-type=\"column\" data-settings=\"{&quot;background_background&quot;:&quot;classic&quot;}\">\n\t\t\t<div class=\"elementor-widget-wrap elementor-element-populated\">\n\t\t\t\t\t\t<div class=\"elementor-element elementor-element-82ea9ab elementor-align-start elementor-icon-list--layout-traditional elementor-list-item-link-full_width elementor-widget elementor-widget-icon-list\" data-id=\"82ea9ab\" data-element_type=\"widget\" data-e-type=\"widget\" data-widget_type=\"icon-list.default\">\n\t\t\t\t\t\t\t<ul class=\"elementor-icon-list-items\">\n\t\t\t\t\t\t\t<li class=\"elementor-icon-list-item\">\n\t\t\t\t\t\t\t\t\t\t\t<a href=\"mailto:contact@sc-cerbere.com.tn\">\n\n\t\t\t\t\t\t\t\t\t\t\t\t<span class=\"elementor-icon-list-icon\">\n\t\t\t\t\t\t\t<svg aria-hidden=\"true\" class=\"e-font-icon-svg e-far-envelope\" viewBox=\"0 0 512 512\" xmlns=\"http:\/\/www.w3.org\/2000\/svg\"><path d=\"M464 64H48C21.49 64 0 85.49 0 112v288c0 26.51 21.49 48 48 48h416c26.51 0 48-21.49 48-48V112c0-26.51-21.49-48-48-48zm0 48v40.805c-22.422 18.259-58.168 46.651-134.587 106.49-16.841 13.247-50.201 45.072-73.413 44.701-23.208.375-56.579-31.459-73.413-44.701C106.18 199.465 70.425 171.067 48 152.805V112h416zM48 400V214.398c22.914 18.251 55.409 43.862 104.938 82.646 21.857 17.205 60.134 55.186 103.062 54.955 42.717.231 80.509-37.199 103.053-54.947 49.528-38.783 82.032-64.401 104.947-82.653V400H48z\"><\/path><\/svg>\t\t\t\t\t\t<\/span>\n\t\t\t\t\t\t\t\t\t\t<span class=\"elementor-icon-list-text\">contact@sc-cerbere.com.tn<\/span>\n\t\t\t\t\t\t\t\t\t\t\t<\/a>\n\t\t\t\t\t\t\t\t\t<\/li>\n\t\t\t\t\t\t\t\t<li class=\"elementor-icon-list-item\">\n\t\t\t\t\t\t\t\t\t\t\t<span class=\"elementor-icon-list-icon\">\n\t\t\t\t\t\t\t<svg aria-hidden=\"true\" class=\"e-font-icon-svg e-fas-fax\" viewBox=\"0 0 512 512\" xmlns=\"http:\/\/www.w3.org\/2000\/svg\"><path d=\"M480 160V77.25a32 32 0 0 0-9.38-22.63L425.37 9.37A32 32 0 0 0 402.75 0H160a32 32 0 0 0-32 32v448a32 32 0 0 0 32 32h320a32 32 0 0 0 32-32V192a32 32 0 0 0-32-32zM288 432a16 16 0 0 1-16 16h-32a16 16 0 0 1-16-16v-32a16 16 0 0 1 16-16h32a16 16 0 0 1 16 16zm0-128a16 16 0 0 1-16 16h-32a16 16 0 0 1-16-16v-32a16 16 0 0 1 16-16h32a16 16 0 0 1 16 16zm128 128a16 16 0 0 1-16 16h-32a16 16 0 0 1-16-16v-32a16 16 0 0 1 16-16h32a16 16 0 0 1 16 16zm0-128a16 16 0 0 1-16 16h-32a16 16 0 0 1-16-16v-32a16 16 0 0 1 16-16h32a16 16 0 0 1 16 16zm0-112H192V64h160v48a16 16 0 0 0 16 16h48zM64 128H32a32 32 0 0 0-32 32v320a32 32 0 0 0 32 32h32a32 32 0 0 0 32-32V160a32 32 0 0 0-32-32z\"><\/path><\/svg>\t\t\t\t\t\t<\/span>\n\t\t\t\t\t\t\t\t\t\t<span class=\"elementor-icon-list-text\">+216 74 617 324<\/span>\n\t\t\t\t\t\t\t\t\t<\/li>\n\t\t\t\t\t\t\t\t<li class=\"elementor-icon-list-item\">\n\t\t\t\t\t\t\t\t\t\t\t<span class=\"elementor-icon-list-icon\">\n\t\t\t\t\t\t\t<svg aria-hidden=\"true\" class=\"e-font-icon-svg e-fas-phone-alt\" viewBox=\"0 0 512 512\" xmlns=\"http:\/\/www.w3.org\/2000\/svg\"><path d=\"M497.39 361.8l-112-48a24 24 0 0 0-28 6.9l-49.6 60.6A370.66 370.66 0 0 1 130.6 204.11l60.6-49.6a23.94 23.94 0 0 0 6.9-28l-48-112A24.16 24.16 0 0 0 122.6.61l-104 24A24 24 0 0 0 0 48c0 256.5 207.9 464 464 464a24 24 0 0 0 23.4-18.6l24-104a24.29 24.29 0 0 0-14.01-27.6z\"><\/path><\/svg>\t\t\t\t\t\t<\/span>\n\t\t\t\t\t\t\t\t\t\t<span class=\"elementor-icon-list-text\">+216 74 617 323<\/span>\n\t\t\t\t\t\t\t\t\t<\/li>\n\t\t\t\t\t\t\t\t<li class=\"elementor-icon-list-item\">\n\t\t\t\t\t\t\t\t\t\t\t<span class=\"elementor-icon-list-icon\">\n\t\t\t\t\t\t\t<svg aria-hidden=\"true\" class=\"e-font-icon-svg e-fas-phone-alt\" viewBox=\"0 0 512 512\" xmlns=\"http:\/\/www.w3.org\/2000\/svg\"><path d=\"M497.39 361.8l-112-48a24 24 0 0 0-28 6.9l-49.6 60.6A370.66 370.66 0 0 1 130.6 204.11l60.6-49.6a23.94 23.94 0 0 0 6.9-28l-48-112A24.16 24.16 0 0 0 122.6.61l-104 24A24 24 0 0 0 0 48c0 256.5 207.9 464 464 464a24 24 0 0 0 23.4-18.6l24-104a24.29 24.29 0 0 0-14.01-27.6z\"><\/path><\/svg>\t\t\t\t\t\t<\/span>\n\t\t\t\t\t\t\t\t\t\t<span class=\"elementor-icon-list-text\">+216 74 617 325<\/span>\n\t\t\t\t\t\t\t\t\t<\/li>\n\t\t\t\t\t\t\t\t<li class=\"elementor-icon-list-item\">\n\t\t\t\t\t\t\t\t\t\t\t<a href=\"https:\/\/www.facebook.com\/SC-Security-100064842004624\/\">\n\n\t\t\t\t\t\t\t\t\t\t\t\t<span class=\"elementor-icon-list-icon\">\n\t\t\t\t\t\t\t<svg aria-hidden=\"true\" class=\"e-font-icon-svg e-fab-facebook-f\" viewBox=\"0 0 320 512\" xmlns=\"http:\/\/www.w3.org\/2000\/svg\"><path d=\"M279.14 288l14.22-92.66h-88.91v-60.13c0-25.35 12.42-50.06 52.24-50.06h40.42V6.26S260.43 0 225.36 0c-73.22 0-121.08 44.38-121.08 124.72v70.62H22.89V288h81.39v224h100.17V288z\"><\/path><\/svg>\t\t\t\t\t\t<\/span>\n\t\t\t\t\t\t\t\t\t\t<span class=\"elementor-icon-list-text\">SC Security<\/span>\n\t\t\t\t\t\t\t\t\t\t\t<\/a>\n\t\t\t\t\t\t\t\t\t<\/li>\n\t\t\t\t\t\t<\/ul>\n\t\t\t\t\t\t<\/div>\n\t\t\t\t<div class=\"elementor-element elementor-element-bed7516 elementor-widget elementor-widget-google_maps\" data-id=\"bed7516\" data-element_type=\"widget\" data-e-type=\"widget\" data-widget_type=\"google_maps.default\">\n\t\t\t\t\t\t\t<div class=\"elementor-custom-embed\">\n\t\t\t<iframe loading=\"lazy\"\n\t\t\t\t\tsrc=\"https:\/\/maps.google.com\/maps?q=34.756704%2C10.734437&#038;t=m&#038;z=14&#038;output=embed&#038;iwloc=near\"\n\t\t\t\t\ttitle=\"34.756704,10.734437\"\n\t\t\t\t\taria-label=\"34.756704,10.734437\"\n\t\t\t><\/iframe>\n\t\t<\/div>\n\t\t\t\t\t\t<\/div>\n\t\t\t\t\t<\/div>\n\t\t<\/div>\n\t\t\t\t<div class=\"elementor-column elementor-col-50 elementor-top-column elementor-element elementor-element-dfd23b5\" data-id=\"dfd23b5\" data-element_type=\"column\" data-e-type=\"column\" data-settings=\"{&quot;background_background&quot;:&quot;classic&quot;}\">\n\t\t\t<div class=\"elementor-widget-wrap elementor-element-populated\">\n\t\t\t\t\t\t<div class=\"elementor-element elementor-element-a2f4fcf elementor-widget elementor-widget-shortcode\" data-id=\"a2f4fcf\" data-element_type=\"widget\" data-e-type=\"widget\" data-widget_type=\"shortcode.default\">\n\t\t\t\t\t\t\t<div class=\"elementor-shortcode\">    <style>\n\t\t[type=button], [type=submit], button {padding: 0.1rem 0.3rem;}\n\t\tbutton.iti__selected-country {display: flex;}\n\t\t.iti.iti--allow-dropdown.iti--show-flags.iti--inline-dropdown {width: 100%;}\n        .wdd-form-container { max-width: 860px; margin: 20px auto; font-family: &#039;Montserrat&#039;, sans-serif; color: #222; }\n        .wdd-form-container * { box-sizing: border-box; }\n        .wdd-notice { padding: 12px 16px; background: #f5f5f5; border-left: 3px solid #243676; margin-bottom: 20px; font-size: 14px; color: #444; font-family: &#039;Montserrat&#039;, sans-serif; }\n        .wdd-section-title { font-size: 11px; font-weight: 700; text-transform: uppercase; letter-spacing: 1.5px; color: #111; border-bottom: 2px solid #243676; padding-bottom: 8px; margin: 28px 0 16px; font-family: &#039;Montserrat&#039;, sans-serif; }\n        .wdd-row { margin-bottom: 14px; }\n        .wdd-row label { display: block; font-size: 13px; font-weight: 600; color: #333; margin-bottom: 5px; font-family: &#039;Montserrat&#039;, sans-serif; }\n        .wdd-row label .wdd-opt { font-weight: 400; color: #aaa; font-size: 12px; }\n        .wdd-row input,\n        .wdd-row textarea,\n        .wdd-product-line select {\n            width: 100%;\n            padding: 9px 11px;\n            border: 1px solid #ccc;\n            border-radius: 0;\n            font-size: 14px;\n            font-family: &#039;Montserrat&#039;, sans-serif;\n            color: #222;\n            background: #fff;\n            outline: none;\n            transition: border-color .15s;\n            -webkit-appearance: none;\n        }\n        .wdd-row input:focus,\n        .wdd-row textarea:focus,\n        .wdd-product-line select:focus { border-color: #243676; }\n        .wdd-grid-2 { display: grid; grid-template-columns: 1fr 1fr; gap: 14px; }\n        @media(max-width:600px) { .wdd-grid-2 { grid-template-columns: 1fr; } }\n        .wdd-product-line { display: flex; gap: 8px; margin-bottom: 8px; padding: 12px; background: #fafafa; border: 1px solid #e8e8e8; align-items: center; flex-wrap: wrap; }\n        .wdd-product-line select { flex: 1; min-width: 130px; font-family: &#039;Montserrat&#039;, sans-serif; }\n        .wdd-product-line input[type=\"number\"] { width: 65px; flex: none; text-align: center; }\n        .wdd-btn-remove { background: #fff; color: #c0392b; border: 1px solid #c0392b; padding: 7px 12px; cursor: pointer; flex: none; font-size: 12px; font-weight: 600; border-radius: 0; transition: background .15s, color .15s; font-family: &#039;Montserrat&#039;, sans-serif; }\n        .wdd-btn-remove:hover { background: #c0392b; color: #fff; }\n        .wdd-btn-add { display: block; width: 100%; background: #fff; border: 1px dashed #bbb; padding: 10px 20px; cursor: pointer; margin-bottom: 18px; font-size: 13px; color: #666; border-radius: 0; transition: border-color .15s, color .15s; font-family: &#039;Montserrat&#039;, sans-serif; }\n        .wdd-btn-add:hover { border-color: #243676; color: #243676; }\n        .wdd-btn-main { display: block; width: 100%; background: #243676; color: #ffffff; border: none; padding: 14px 20px; cursor: pointer; font-weight: 700; font-size: 14px; margin-top: 10px; letter-spacing: 1px; text-transform: uppercase; border-radius: 0; transition: background .2s; font-family: &#039;Montserrat&#039;, sans-serif; }\n    <\/style>\n\n    <div class=\"wdd-form-container\">\n                <div class=\"wdd-notice\">\n\t\t\t\n\t\t\tApr\u00e8s soumission, un e-mail de confirmation vous sera envoy\u00e9.\n\t\t\tVotre demande sera transmise \u00e0 nos \u00e9quipes uniquement apr\u00e8s validation de cet e-mail.\n\t\t\t<p style=\"color:red;\">\n\t\t\t\tSi vous ne trouvez pas le message dans votre bo\u00eete de r\u00e9ception, veuillez consulter votre dossier spam (courrier ind\u00e9sirable).\n\t\t\t<\/p>\n        <\/div>\n        \n        <form method=\"POST\">\n            <input type=\"hidden\" id=\"wdd_nonce\" name=\"wdd_nonce\" value=\"28563e6463\" \/><input type=\"hidden\" name=\"_wp_http_referer\" value=\"\/en\/wp-json\/wp\/v2\/pages\/1845\" \/>\n            <div class=\"wdd-section-title\">Vos informations<\/div>\n\n            <div class=\"wdd-grid-2\">\n                <div class=\"wdd-row\">\n                    <label>Nom et pr\u00e9nom <span style=\"color:#c0392b;\">*<\/span><\/label>\n                    <input type=\"text\" name=\"wdd_nom\" required placeholder=\"Nom et pr\u00e9nom\">\n                <\/div>\n                <div class=\"wdd-row\">\n                    <label>Email <span style=\"color:#c0392b;\">*<\/span><\/label>\n                    <input type=\"email\" name=\"wdd_email\" required placeholder=\"votre@email.com\">\n                <\/div>\n            <\/div>\n\n            \t\t\t<div class=\"wdd-grid-2\">\n\t\t\t\t<div class=\"wdd-row\">\n\t\t\t\t\t<label>T\u00e9l\u00e9phone <span style=\"color:#c0392b;\">*<\/span><\/label>\n\t\t\t\t<input\n\t\t\t\t\ttype=\"tel\"\n\t\t\t\t\tid=\"wdd_tel_display\"\n\t\t\t\t\tname=\"wdd_tel_display\"\n\t\t\t\t\trequired\t\t\t\t\tinputmode=\"numeric\"\n\t\t\t\t\tautocomplete=\"tel\"\n\t\t\t\t\tplaceholder=\"T\u00e9l\u00e9phone *\"\n\t\t\t\t\t   >\n\t\t\t\t\t<\/div>\n\t\t\t\t\n\n\t\t\t\t<input type=\"hidden\" name=\"wdd_tel\" id=\"wdd_tel_hidden\">\n\t\t\t\t<input type=\"hidden\" name=\"wdd_tel_dial\" id=\"wdd_tel_dial\">\n\t\t\t\t<input type=\"hidden\" name=\"wdd_tel_country\" id=\"wdd_tel_country\">\n\t\t\t\t<div class=\"wdd-row\">\n\t\t\t\t\t                <div class=\"wdd-row\">\n                    <label>Soci\u00e9t\u00e9 <span style=\"color:#c0392b;\">*<\/span><\/label>\n                    <input type=\"text\" name=\"wdd_soc\" required>\n                <\/div>\n                \t\t\t\t<\/div>\n\t\t\t<\/div>\n\t\t\t\n            <div class=\"wdd-grid-2\">\n                \n\n                                <div class=\"wdd-row\">\n                    <label>Matricule Fiscale <span style=\"color:#c0392b;\">*<\/span><\/label>\n                    <input type=\"text\" name=\"wdd_mat\" pattern=\"^[0-9]{7}[a-zA-Z]$\" placeholder=\"Ex : 0001234B\" required>\n                <\/div>\n                            <\/div>\n\n            <div class=\"wdd-section-title\">Produits demand\u00e9s<\/div>\n\n            <div id=\"wdd-products-container\">\n                <div class=\"wdd-product-line\">\n                    <select name=\"wdd_categories[]\" class=\"wdd-cat-select\" required>\n                        <option value=\"\">-- Cat\u00e9gorie --<\/option>\n                                                <option value=\"16\">Tous<\/option>\n                                                <option value=\"40\">Accessoires<\/option>\n                                                <option value=\"20\">Batteries<\/option>\n                                                <option value=\"19\">Bornes de charge<\/option>\n                                                <option value=\"59\">Motorisation<\/option>\n                                                <option value=\"17\">S\u00e9curit\u00e9 anti-intrusion<\/option>\n                                                <option value=\"18\">S\u00e9curit\u00e9 incendie<\/option>\n                                            <\/select>\n                    <select name=\"wdd_subcategories[]\" class=\"wdd-subcat-select\" disabled>\n                        <option value=\"\">-- Sous-Cat\u00e9gorie --<\/option>\n                    <\/select>\n                    <select name=\"wdd_products[]\" class=\"wdd-prod-select\" required disabled>\n                        <option value=\"\">-- Produit --<\/option>\n                    <\/select>\n                    <input type=\"number\" name=\"wdd_quantities[]\" min=\"1\" value=\"1\" required title=\"Quantite\">\n                <\/div>\n            <\/div>\n            <button type=\"button\" id=\"wdd-add-product\" class=\"wdd-btn-add\">+ Ajouter une ligne produit<\/button>\n\n            <div class=\"wdd-row\">\n                <label>Message particulier <span class=\"wdd-opt\">(optionnel)<\/span><\/label>\n                <textarea name=\"wdd_msg\" rows=\"4\" placeholder=\"Pr\u00e9cisions, d\u00e9lais souhait\u00e9s...\"><\/textarea>\n            <\/div>\n\n            <button type=\"submit\" name=\"wdd_submit_devis\" class=\"wdd-btn-main\">\n                SOUMETTRE MA DEMANDE            <\/button>\n        <\/form>\n    <\/div>\n    <\/div>\n\t\t\t\t\t\t<\/div>\n\t\t\t\t\t<\/div>\n\t\t<\/div>\n\t\t\t\t\t<\/div>\n\t\t<\/section>\n\t\t\t\t<\/div>\n\t\t","protected":false},"excerpt":{"rendered":"<p>Accueil \/ Page Demande de devis contact@sc-cerbere.com.tn +216 74 617 324 +216 74 617 323 +216 74 617 325 SC Security<\/p>","protected":false},"author":1,"featured_media":0,"parent":0,"menu_order":0,"comment_status":"closed","ping_status":"closed","template":"","meta":{"footnotes":""},"class_list":["post-1845","page","type-page","status-publish","hentry"],"_links":{"self":[{"href":"https:\/\/www.sc-cerbere.com.tn\/en\/wp-json\/wp\/v2\/pages\/1845","targetHints":{"allow":["GET"]}}],"collection":[{"href":"https:\/\/www.sc-cerbere.com.tn\/en\/wp-json\/wp\/v2\/pages"}],"about":[{"href":"https:\/\/www.sc-cerbere.com.tn\/en\/wp-json\/wp\/v2\/types\/page"}],"author":[{"embeddable":true,"href":"https:\/\/www.sc-cerbere.com.tn\/en\/wp-json\/wp\/v2\/users\/1"}],"replies":[{"embeddable":true,"href":"https:\/\/www.sc-cerbere.com.tn\/en\/wp-json\/wp\/v2\/comments?post=1845"}],"version-history":[{"count":56,"href":"https:\/\/www.sc-cerbere.com.tn\/en\/wp-json\/wp\/v2\/pages\/1845\/revisions"}],"predecessor-version":[{"id":3807,"href":"https:\/\/www.sc-cerbere.com.tn\/en\/wp-json\/wp\/v2\/pages\/1845\/revisions\/3807"}],"wp:attachment":[{"href":"https:\/\/www.sc-cerbere.com.tn\/en\/wp-json\/wp\/v2\/media?parent=1845"}],"curies":[{"name":"wp","href":"https:\/\/api.w.org\/{rel}","templated":true}]}}